{"id":1130,"date":"2015-09-08T01:17:04","date_gmt":"2015-09-08T05:47:04","guid":{"rendered":"http:\/\/espromedbio.gob.ve\/?page_id=1130"},"modified":"2017-08-28T15:43:46","modified_gmt":"2017-08-28T20:13:46","slug":"contrataciones-publicas","status":"publish","type":"page","link":"https:\/\/www.espromedbio.gob.ve\/inicio\/contrataciones-publicas\/","title":{"rendered":"Contrataciones P\u00fablicas"},"content":{"rendered":"<p>[panel style=\u00bbpanel-danger\u00bb class=\u00bbcontent-contrataciones\u00bb]<br \/>\n[panel-header]<span lang=\"PT-BR\">CA-ESPROMED BIO-B-003-2017<\/span><span lang=\"PT-BR\">\u00a0 \u00a0 \u00a0 \u00a0 \u00a0 \u00a0 \u00a0 \u00a0 \u00a0 \u00a0 \u00a0 \u00a0 \u00a0 \u00a0 \u00a0 \u00a0 \u00a0 \u00a0 \u00a0 \u00a0 \u00a0 \u00a0 \u00a0 \u00a0 \u00a0 \u00a0 \u00a0 \u00a0 \u00a0 \u00a0 \u00a0 \u00a0 \u00a0 \u00a0 \u00a0 \u00a0 \u00a0 \u00a0 \u00a0 \u00a0 \u00a0 \u00a0 \u00a0 \u00a0<\/span>PROCESO ABIERTO[\/panel-header]<br \/>\n[panel-content]<br \/>\n<a href=\"http:\/\/espromedbio.gob.ve\/wp-content\/uploads\/2017\/08\/APROBACION_DEL_SNC_EQUIPOS_DE_PROTECCION_PERSONAL.pdf\" target=\"_blank\">[icon type=\u00bbglyphicon glyphicon-floppy-save\u00bb fontsize=\u00bb16&#8243;]<b><span lang=\"ES\">\u201c<i>ADQUISICI\u00d3N DE EQUIPOS E IMPLEMENTOS DE PROTECCI\u00d3N PERSONAL PARA LAS TRABAJADORAS Y TRABAJADORES DE LA EMPRESA SOCIALISTA PARA LA PRODUCCI\u00d3N DE MEDICAMENTOS BIOL\u00d3GICOS (ESPROMED BIO, C.A.)<\/i>\u00ab<\/span><\/b><span lang=\"ES\">,<b>\u00a0<\/b><\/span>cuya entrega de Pliegos de Condiciones iniciar\u00e1 el d\u00eda 25\/08\/2017.<\/a><br \/>\n<strong>Entrega de Pliego de Condiciones:<\/strong> Desde: 25-08-2017 Hasta: 04-09-2017<br \/>\n[\/panel-content]<br \/>\n[panel-footer]<br \/>\n<strong>Acto p\u00fablico:<\/strong>\u00a005-09-2017 Hora: 09:30 am<br \/>\n<strong>Lugar:<\/strong> Ciudad Universitaria de la UCV, Edificio ESPROMED BIO, piso 1, diag. al Hospital Cl\u00ednico Universitario al lado del Instituto Nacional de Higiene, Caracas-Venezuela.<br \/>\n[\/panel-footer]<br \/>\n[\/panel]<\/p>\n<p>[panel style=\u00bbpanel-danger\u00bb class=\u00bbcontent-contrataciones\u00bb]<br \/>\n[panel-header]<span lang=\"PT-BR\">CA-ESPROMED BIO-B-002-2017<\/span><span lang=\"PT-BR\">\u00a0 \u00a0 \u00a0 \u00a0 \u00a0 \u00a0 \u00a0 \u00a0 \u00a0 \u00a0 \u00a0 \u00a0 \u00a0 \u00a0 \u00a0 \u00a0 \u00a0 \u00a0 \u00a0 \u00a0 \u00a0 \u00a0 \u00a0 \u00a0 \u00a0 \u00a0 \u00a0 \u00a0 \u00a0 \u00a0 \u00a0 \u00a0 \u00a0 \u00a0 \u00a0 \u00a0 \u00a0 \u00a0 \u00a0 \u00a0 \u00a0 \u00a0 \u00a0 \u00a0<\/span>PROCESO ABIERTO[\/panel-header]<br \/>\n[panel-content]<br \/>\n<a href=\"http:\/\/espromedbio.gob.ve\/wp-content\/uploads\/2017\/08\/PUBLICACION_EN_LA_PAG_DEL_SNC.pdf\" target=\"_blank\">[icon type=\u00bbglyphicon glyphicon-floppy-save\u00bb fontsize=\u00bb16&#8243;]<b><span lang=\"ES\">\u201c<i>ADQUISICI\u00d3N DE PELICULA DE ESTAMPADO EN CALIENTE EN LAS ETIQUETAS DE LOS VIALES DE LAS DIFERENTES VACUNAS Y\/O PRODUCTOS BIOL\u00d3GICOS QUE SE PROCESAN EN ESPROMED BIO, C.A. A\u00d1O 2017<\/i>\u00ab<\/span><\/b><span lang=\"ES\">,<b>\u00a0<\/b><\/span>cuya entrega de Pliegos de Condiciones iniciar\u00e1 el d\u00eda 24\/08\/2017.<\/a><br \/>\n<strong>Entrega de Pliego de Condiciones:<\/strong> Desde: 24-08-2017 Hasta: 01-09-2017<br \/>\n[\/panel-content]<br \/>\n[panel-footer]<br \/>\n<strong>Acto p\u00fablico:<\/strong>\u00a004-09-2017 Hora: 09:30 am<br \/>\n<strong>Lugar:<\/strong> Ciudad Universitaria de la UCV, Edificio ESPROMED BIO, piso 1, diag. al Hospital Cl\u00ednico Universitario al lado del Instituto Nacional de Higiene, Caracas-Venezuela.<br \/>\n[\/panel-footer]<br \/>\n[\/panel]<\/p>\n<p>[panel style=\u00bbpanel-danger\u00bb class=\u00bbcontent-contrataciones\u00bb]<br \/>\n[panel-header]<span lang=\"PT-BR\">CA-<\/span><span lang=\"PT-BR\">ESPROMED BIO-B-001-2017<\/span><span lang=\"PT-BR\">\u00a0 \u00a0 \u00a0 \u00a0 \u00a0 \u00a0 \u00a0 \u00a0 \u00a0 \u00a0 \u00a0 \u00a0 \u00a0 \u00a0 \u00a0 \u00a0 \u00a0 \u00a0 \u00a0 \u00a0 \u00a0 \u00a0 \u00a0 \u00a0 \u00a0 \u00a0 \u00a0 \u00a0 \u00a0 \u00a0 \u00a0 \u00a0 \u00a0 \u00a0 \u00a0 \u00a0 \u00a0 \u00a0 \u00a0 \u00a0 \u00a0 \u00a0 \u00a0 \u00a0<\/span>PROCESO ABIERTO[\/panel-header]<br \/>\n[panel-content]<br \/>\n<a href=\"http:\/\/espromedbio.gob.ve\/wp-content\/uploads\/2015\/09\/document.pdf\" target=\"_blank\">[icon type=\u00bbglyphicon glyphicon-floppy-save\u00bb fontsize=\u00bb16&#8243;]<b><span lang=\"ES\">\u201cADQUISICI\u00d3N DE UNIFORMES PARA EL PERSONAL ADMINISTRATIVO, OPERATIVO Y OBRERO DE ESPROMED BIO, C.A. A\u00d1O 2017&#8243;<\/span><\/b><span lang=\"ES\">,<b>\u00a0<\/b><\/span>cuya entrega de Pliegos de Condiciones iniciar\u00e1 el d\u00eda 04\/05\/2017.<\/a><br \/>\n<strong>Entrega de Pliego de Condiciones:<\/strong> Desde: 04-05-2017 Hasta: 12-05-2017<br \/>\n[\/panel-content]<br \/>\n[panel-footer]<br \/>\n<strong>Acto p\u00fablico:<\/strong>\u00a015-05-2017 Hora: 10:00 am<br \/>\n<strong>Lugar:<\/strong> Ciudad Universitaria de la UCV, Edificio ESPROMED BIO, piso 1, diag. al Hospital Cl\u00ednico Universitario al lado del Instituto Nacional de Higiene, Caracas-Venezuela.<br \/>\n[\/panel-footer]<br \/>\n[\/panel]<\/p>\n<p>&nbsp;<\/p>\n<p>[panel style=\u00bbpanel-danger\u00bb class=\u00bbcontent-contrataciones\u00bb]<br \/>\n[panel-header]CA-ESPROMED <span lang=\"PT-BR\">BIO-B-004-2016 \u00a0 \u00a0 \u00a0 \u00a0 \u00a0 \u00a0 \u00a0 \u00a0 \u00a0 \u00a0 \u00a0 \u00a0 \u00a0 \u00a0 \u00a0 \u00a0 \u00a0 \u00a0 \u00a0 \u00a0 \u00a0 \u00a0 \u00a0 \u00a0 \u00a0 \u00a0 \u00a0 \u00a0 \u00a0 \u00a0 \u00a0 \u00a0 \u00a0 \u00a0 \u00a0 \u00a0 \u00a0 \u00a0 \u00a0 \u00a0 \u00a0 \u00a0 \u00a0 \u00a0<\/span>PROCESO INICIADO[\/panel-header]<br \/>\n[panel-content]<br \/>\n<a href=\"http:\/\/espromedbio.gob.ve\/wp-content\/uploads\/2016\/06\/Publicacion-Plan-Vacacional.pdf\" target=\"_blank\">[icon type=\u00bbglyphicon glyphicon-floppy-save\u00bb fontsize=\u00bb16&#8243;] PLAN VACACIONAL A\u00d1O 2016, PARA LAS HIJAS E HIJOS DE LOS TRABAJADORES Y TRABAJADORAS DE LA EMPRESA SOCIALISTA PARA LA PRODUCCI\u00d3N DE MEDICAMENTOS BIOL\u00d3GICOS, C.A (ESPROMED BIO), CUYA ENTREGA DE PLIEGOS DE CONDICIONES INICIAR\u00c1 EL D\u00cdA 16-06-2016<\/a><br \/>\n<strong>Entrega de Pliego de Condiciones:<\/strong> Desde: 16-06-2016 Hasta: 29-06-2016<br \/>\n[\/panel-content]<br \/>\n[panel-footer]<br \/>\n<strong>Acto p\u00fablico:<\/strong>\u00a030-06-2016 Hora: 09:00 am<br \/>\n<strong>Lugar:<\/strong> Ciudad Universitaria de la UCV, Edificio ESPROMED BIO, piso 1, diag. al Hospital Cl\u00ednico Universitario al lado del Instituto Nacional de Higiene, Caracas-Venezuela.<br \/>\n[\/panel-footer]<br \/>\n[\/panel]<\/p>\n<p>&nbsp;<\/p>\n<p>[panel style=\u00bbpanel-danger\u00bb class=\u00bbcontent-contrataciones\u00bb]<br \/>\n[panel-header]CA-ESPROMED <span lang=\"PT-BR\">BIO-B-003-2016 \u00a0 \u00a0 \u00a0 \u00a0 \u00a0 \u00a0 \u00a0 \u00a0 \u00a0 \u00a0 \u00a0 \u00a0 \u00a0 \u00a0 \u00a0 \u00a0 \u00a0 \u00a0 \u00a0 \u00a0 \u00a0 \u00a0 \u00a0 \u00a0 \u00a0 \u00a0 \u00a0 \u00a0 \u00a0 \u00a0 \u00a0 \u00a0 \u00a0 \u00a0 \u00a0 \u00a0 \u00a0 \u00a0 \u00a0 \u00a0 \u00a0 \u00a0 \u00a0 \u00a0<\/span>PROCESO INICIADO[\/panel-header]<br \/>\n[panel-content]<br \/>\n<a href=\"http:\/\/espromedbio.gob.ve\/wp-content\/uploads\/2016\/04\/CA-ESPROMED-BIO-BIO-B-003-2016.pdf\" target=\"_blank\">[icon type=\u00bbglyphicon glyphicon-floppy-save\u00bb fontsize=\u00bb16&#8243;]<\/a> <a href=\"http:\/\/espromedbio.gob.ve\/wp-content\/uploads\/2016\/04\/CA-ESPROMED-BIO-BIO-B-003-2016.pdf\" target=\"_blank\">ADQUISICION DE MATERIAL DE OFICINA NECESARIO PARA LA OPERATIVIDAD DE LAS OFICINAS Y GERENCIAS QUE CONFORMAN ESPROMED BIO, C.A. DEL 28\/04 AL 10\/05\/2016<\/a><br \/>\n<strong>Entrega de Pliego de Condiciones:<\/strong> Desde: 28-04-2016 Hasta: 03-05-2016<br \/>\n[\/panel-content]<br \/>\n[panel-footer]<br \/>\n<strong>Acto p\u00fablico:<\/strong> 11-05-2016 Hora: 09:00 am<br \/>\n<strong>Lugar:<\/strong> Ciudad Universitaria de la UCV, Edificio ESPROMED BIO, piso 1, diag. al Hospital Cl\u00ednico Universitario al lado del Instituto Nacional de Higiene, Caracas-Venezuela.<br \/>\n[\/panel-footer]<br \/>\n[\/panel]<\/p>\n<p>&nbsp;<\/p>\n<p>[panel style=\u00bbpanel-danger\u00bb class=\u00bbcontent-contrataciones\u00bb]<br \/>\n[panel-header]CA-ESPROMED <span lang=\"PT-BR\">BIO-S-002-2016 \u00a0 \u00a0 \u00a0 \u00a0 \u00a0 \u00a0 \u00a0 \u00a0 \u00a0 \u00a0 \u00a0 \u00a0 \u00a0 \u00a0 \u00a0 \u00a0 \u00a0 \u00a0 \u00a0 \u00a0 \u00a0 \u00a0 \u00a0 \u00a0 \u00a0 \u00a0 \u00a0 \u00a0 \u00a0 \u00a0 \u00a0 \u00a0 \u00a0 \u00a0 \u00a0 \u00a0 \u00a0 \u00a0 \u00a0 \u00a0 \u00a0 \u00a0 \u00a0<\/span> PROCESO INICIADO[\/panel-header]<br \/>\n[panel-content]<br \/>\n<a href=\"http:\/\/espromedbio.gob.ve\/wp-content\/uploads\/2016\/02\/CA-ESPROMED-BIO-BIO-S-002-2016.pdf\" target=\"_blank\">[icon type=\u00bbglyphicon glyphicon-floppy-save\u00bb fontsize=\u00bb16&#8243;]<\/a> <a href=\"http:\/\/espromedbio.gob.ve\/wp-content\/uploads\/2016\/02\/CA-ESPROMED-BIO-BIO-S-002-2016.pdf\" target=\"_blank\">CONTRATACION DEL SERVICIO DE LIMPIEZA DE LAS INSTALACIONES DE ESPROMED BIO, C.A., EN EL PERIODO COMPRENDIDO DEL 01\/04 AL 31\/12\/2016<\/a><br \/>\n<strong>Entrega de Pliego de Condiciones:<\/strong> Desde: 24-02-2016 Hasta: 07-03-2016<br \/>\n[\/panel-content]<br \/>\n[panel-footer]<br \/>\n<strong>Acto p\u00fablico:<\/strong> 08-03-2016 Hora: 09:00 am<br \/>\n<strong>Lugar:<\/strong> Ciudad Universitaria de la UCV, Edificio ESPROMED BIO, piso 1, diag. al Hospital Cl\u00ednico Universitario al lado del Instituto Nacional de Higiene, Caracas-Venezuela.<br \/>\n[\/panel-footer]<br \/>\n[\/panel]<\/p>\n<p>&nbsp;<\/p>\n<p>[panel style=\u00bbpanel-danger\u00bb class=\u00bbcontent-contrataciones\u00bb]<br \/>\n[panel-header]CA-ESPROMED\u00a0<span lang=\"PT-BR\">BIO-S-001-2016<\/span> \u00a0\u00a0\u00a0\u00a0\u00a0\u00a0\u00a0\u00a0\u00a0\u00a0\u00a0\u00a0\u00a0\u00a0\u00a0\u00a0\u00a0\u00a0\u00a0\u00a0\u00a0\u00a0\u00a0\u00a0\u00a0\u00a0\u00a0\u00a0\u00a0\u00a0\u00a0\u00a0\u00a0\u00a0\u00a0\u00a0\u00a0\u00a0\u00a0\u00a0\u00a0\u00a0\u00a0\u00a0\u00a0\u00a0\u00a0\u00a0\u00a0\u00a0\u00a0\u00a0\u00a0\u00a0\u00a0\u00a0\u00a0\u00a0\u00a0\u00a0\u00a0\u00a0\u00a0\u00a0\u00a0\u00a0\u00a0\u00a0\u00a0\u00a0\u00a0\u00a0\u00a0\u00a0\u00a0\u00a0\u00a0\u00a0\u00a0\u00a0\u00a0\u00a0\u00a0\u00a0\u00a0 PROCESO INICIADO[\/panel-header]<br \/>\n[panel-content]<br \/>\n<a href=\"http:\/\/espromedbio.gob.ve\/wp-content\/uploads\/2016\/01\/CA-ESPROMED-BIO-BIO-S-001-2016.pdf\" target=\"_blank\">[icon type=\u00bbglyphicon glyphicon-floppy-save\u00bb fontsize=\u00bb16&#8243;]<\/a> <a href=\"http:\/\/espromedbio.gob.ve\/wp-content\/uploads\/2016\/01\/CA-ESPROMED-BIO-BIO-S-001-2016.pdf\" target=\"_blank\">CONTRATACION DEL SERVICIO DE VIGILANCIA PRIVADA PARA CUSTODIA DE LAS INSTALACIONES DE ESPROMED BIO, C.A., EN EL PERIODO COMPRENDIDO DEL 01\/03 AL 31\/12\/2016<\/a><br \/>\n<strong>Entrega de Pliego de Condiciones:<\/strong> Desde: 18-01-2016 \u00a0\u00a0\u00a0 Hasta: 28-01-2016<br \/>\n[\/panel-content]<br \/>\n[panel-footer]<br \/>\n<strong>Acto p\u00fablico:<\/strong> 29-01-2016 Hora: 09:00 am<br \/>\n<strong>Lugar:<\/strong> Ciudad Universitaria de la UCV, Edificio ESPROMED BIO, piso 1, diag. al Hospital Cl\u00ednico Universitario al lado del Instituto Nacional de Higiene, Caracas-Venezuela.<br \/>\n[\/panel-footer]<br \/>\n[\/panel]<\/p>\n<p>&nbsp;<\/p>\n<p>[panel style=\u00bbpanel-danger\u00bb class=\u00bbcontent-contrataciones\u00bb]<br \/>\n[panel-header]CA-ESPROMED BIO-O-001-2015\u00a0\u00a0\u00a0\u00a0\u00a0\u00a0\u00a0\u00a0\u00a0\u00a0\u00a0\u00a0\u00a0\u00a0\u00a0\u00a0\u00a0\u00a0\u00a0\u00a0\u00a0\u00a0\u00a0\u00a0\u00a0\u00a0\u00a0\u00a0\u00a0\u00a0\u00a0\u00a0\u00a0\u00a0\u00a0\u00a0\u00a0\u00a0\u00a0\u00a0\u00a0\u00a0\u00a0\u00a0\u00a0\u00a0\u00a0\u00a0\u00a0\u00a0\u00a0\u00a0\u00a0\u00a0\u00a0\u00a0\u00a0\u00a0\u00a0\u00a0\u00a0\u00a0\u00a0\u00a0\u00a0\u00a0\u00a0\u00a0\u00a0\u00a0\u00a0\u00a0\u00a0\u00a0\u00a0\u00a0\u00a0\u00a0\u00a0\u00a0\u00a0\u00a0\u00a0\u00a0\u00a0\u00a0 PROCESO INICIADO[\/panel-header]<br \/>\n[panel-content]<br \/>\n<a href=\"http:\/\/espromedbio.gob.ve\/wp-content\/uploads\/2015\/09\/CA-ESPROMED-BIO-O-001-2015.pdf\" target=\"_blank\">[icon type=\u00bbglyphicon glyphicon-floppy-save\u00bb fontsize=\u00bb16&#8243;]<\/a> <a href=\"http:\/\/espromedbio.gob.ve\/wp-content\/uploads\/2015\/09\/CA-ESPROMED-BIO-O-001-2015.pdf\" target=\"_blank\">CONSTRUCCION DE ESTRUCTURA PARA TALLERES Y OFICINAS DE LA EMPRESA SOCIALISTA PARA LA PRODUCCION DE MEDICAMENTOS BIOLOGICOS, C.A (ESPROMED BIO)<\/a><br \/>\n<strong>Entrega de Pliego de Condiciones:<\/strong> Desde: 19-08-2015\u00a0\u00a0\u00a0\u00a0 Hasta: 02-09-2015<br \/>\n[\/panel-content]<br \/>\n[panel-footer]<br \/>\n<strong>Acto p\u00fablico:<\/strong> 03-09-2015 Hora: 10:00 am<br \/>\n<strong>Lugar:<\/strong> Ciudad Universitaria de la UCV, Edificio ESPROMED BIO, piso 1, diag. al Hospital Cl\u00ednico Universitario al lado del Instituto Nacional de Higiene, Caracas-Venezuela.<br \/>\n[\/panel-footer]<br \/>\n[\/panel]<\/p>\n<p>&nbsp;<\/p>\n<p>[panel style=\u00bbpanel-danger\u00bb class=\u00bbcontent-contrataciones\u00bb]<br \/>\n[panel-header]CA-ESPROMED BIO-S-002-2015\u00a0\u00a0\u00a0\u00a0\u00a0\u00a0\u00a0\u00a0\u00a0\u00a0\u00a0\u00a0\u00a0\u00a0\u00a0\u00a0\u00a0\u00a0\u00a0\u00a0\u00a0\u00a0\u00a0\u00a0\u00a0\u00a0\u00a0\u00a0\u00a0\u00a0\u00a0\u00a0\u00a0\u00a0\u00a0\u00a0\u00a0\u00a0\u00a0\u00a0\u00a0\u00a0\u00a0\u00a0\u00a0\u00a0\u00a0\u00a0\u00a0\u00a0\u00a0\u00a0\u00a0\u00a0\u00a0\u00a0\u00a0\u00a0\u00a0\u00a0\u00a0\u00a0\u00a0\u00a0\u00a0\u00a0\u00a0\u00a0\u00a0\u00a0\u00a0\u00a0\u00a0\u00a0\u00a0\u00a0\u00a0\u00a0\u00a0\u00a0\u00a0\u00a0\u00a0\u00a0\u00a0\u00a0 PROCESO INICIADO[\/panel-header]<br \/>\n[panel-content]<br \/>\n<a href=\"http:\/\/espromedbio.gob.ve\/wp-content\/uploads\/2015\/09\/CA-ESPROMED-BIO-S-002-2015.pdf\" target=\"_blank\">[icon type=\u00bbglyphicon glyphicon-floppy-save\u00bb fontsize=\u00bb16&#8243;] PLAN VACACIONAL A\u00d1O 2015, PARA LAS HIJAS E HIJOS DE LOS TRABAJADORES Y TRABAJADORAS DE LA EMPRESA SOCIALISTA PARA LA PRODUCCI\u00d3N DE MEDICAMENTOS BIOLOGICOS, C.A (ESPROMED BIO)<\/a><br \/>\n<strong>Entrega de Pliego de Condiciones:<\/strong> Desde: 03-06-2015 \u00a0\u00a0\u00a0 Hasta: 16-06-2015<br \/>\n[\/panel-content]<br \/>\n[panel-footer]<br \/>\n<strong>Acto p\u00fablico:<\/strong> 17-06-2015 Hora: 10:00 am<br \/>\n<strong>Lugar:<\/strong> Ciudad Universitaria de la UCV, Edificio ESPROMED BIO, piso 1, diag. al Hospital Cl\u00ednico Universitario al lado del Instituto Nacional de Higiene, Caracas-Venezuela.<br \/>\n[\/panel-footer]<br \/>\n[\/panel]<\/p>\n<p>&nbsp;<\/p>\n<p>[panel style=\u00bbpanel-danger\u00bb class=\u00bbcontent-contrataciones\u00bb]<br \/>\n[panel-header]\u00a0CA-ESPROMED BIO-B-003 2015 \u00a0\u00a0\u00a0\u00a0\u00a0\u00a0\u00a0\u00a0\u00a0\u00a0\u00a0\u00a0\u00a0\u00a0\u00a0\u00a0\u00a0\u00a0\u00a0\u00a0\u00a0\u00a0\u00a0\u00a0\u00a0\u00a0\u00a0\u00a0\u00a0\u00a0\u00a0\u00a0\u00a0\u00a0\u00a0\u00a0\u00a0\u00a0\u00a0\u00a0\u00a0\u00a0\u00a0\u00a0\u00a0\u00a0\u00a0\u00a0\u00a0\u00a0\u00a0\u00a0\u00a0\u00a0\u00a0\u00a0\u00a0\u00a0\u00a0\u00a0\u00a0\u00a0\u00a0\u00a0\u00a0\u00a0\u00a0\u00a0\u00a0\u00a0\u00a0\u00a0\u00a0\u00a0\u00a0\u00a0\u00a0\u00a0\u00a0\u00a0\u00a0\u00a0\u00a0\u00a0\u00a0 PROCESO INICIADO [\/panel-header]<br \/>\n[panel-content]<br \/>\n<a href=\"http:\/\/espromedbio.gob.ve\/wp-content\/uploads\/2015\/09\/CA-ESPROMED-BIO-B-003-2015.pdf\" target=\"_blank\">[icon type=\u00bbglyphicon glyphicon-floppy-save\u00bb fontsize=\u00bb16&#8243;] ADQUISICION DE MOBILIARIO CONFORMADO POR: 34 ESTACIONES DE TRABAJO CON: FLIPPER, MODULO DE TRE (3) GAVETAS Y ARTURITO, ASI COMO 150 SILLAS SEMI EJECUTIVAS Y 50 SILLAS PARA VISITANTES<\/a><br \/>\n<strong>Entrega de Pliego de Condiciones:<\/strong> Desde: 29-05-2015 \u00a0\u00a0\u00a0 Hasta: 11-06-2015<br \/>\n[\/panel-content]<br \/>\n[panel-footer]<br \/>\n<strong>Acto p\u00fablico:<\/strong> 12-06-2015 Hora: 02:00 pm<br \/>\n<strong>Lugar:<\/strong> Ciudad Universitaria de la UCV, Edificio ESPROMED BIO, piso 1, diag. al Hospital Cl\u00ednico Universitario al lado del Instituto Nacional de Higiene, Caracas-Venezuela.<br \/>\n[\/panel-footer]<br \/>\n[\/panel]<\/p>\n<p>&nbsp;<\/p>\n<p>[panel style=\u00bbpanel-danger\u00bb class=\u00bbcontent-contrataciones\u00bb]<br \/>\n[panel-header] \u00a0CA-ESPROMED BIO-B-002 2015 \u00a0\u00a0\u00a0\u00a0\u00a0\u00a0\u00a0\u00a0\u00a0\u00a0\u00a0\u00a0\u00a0\u00a0\u00a0\u00a0\u00a0\u00a0\u00a0\u00a0\u00a0\u00a0\u00a0\u00a0\u00a0\u00a0\u00a0\u00a0\u00a0\u00a0\u00a0\u00a0\u00a0\u00a0\u00a0\u00a0\u00a0\u00a0\u00a0\u00a0\u00a0\u00a0\u00a0\u00a0\u00a0\u00a0\u00a0\u00a0\u00a0\u00a0\u00a0\u00a0\u00a0\u00a0\u00a0\u00a0\u00a0\u00a0\u00a0\u00a0\u00a0\u00a0\u00a0\u00a0\u00a0\u00a0\u00a0\u00a0\u00a0\u00a0\u00a0\u00a0\u00a0\u00a0\u00a0\u00a0\u00a0\u00a0\u00a0\u00a0\u00a0\u00a0\u00a0\u00a0\u00a0 PROCESO INICIADO [\/panel-header]<br \/>\n[panel-content]<br \/>\n<a href=\"http:\/\/espromedbio.gob.ve\/wp-content\/uploads\/2015\/09\/CA-ESPROMED-BIO-B-002-2015.pdf\" target=\"_blank\">[icon type=\u00bbglyphicon glyphicon-floppy-save\u00bb fontsize=\u00bb16&#8243;] ADQUISICI\u00d3N DE UNIFORMES PARA EL PERSONAL ADMINISTRATIVO Y DE INGENIER\u00cdA DE ESPROMED BIO<\/a><br \/>\n<strong>Entrega de Pliego de Condiciones:<\/strong> Desde: 29-05-2015 \u00a0\u00a0\u00a0 Hasta: 11-06-2015<br \/>\n[\/panel-content]<br \/>\n[panel-footer]<br \/>\n<strong>Acto p\u00fablico:<\/strong> 12-06-2015 Hora: 10:00 am<br \/>\n<strong>Lugar:<\/strong> Ciudad Universitaria de la UCV, Edificio ESPROMED BIO, piso 1, diag. al Hospital Cl\u00ednico Universitario al lado del Instituto Nacional de Higiene, Caracas-Venezuela.<br \/>\n[\/panel-footer]<br \/>\n[\/panel]<br \/>\n<!--     FECHA ELIMINACION: 13\/01\/2016\n[panel style=\"panel-danger\" class=\"content-contrataciones\"]\n[panel-header] \u00a0CA-ESPROMED BIO-S-001-2015 \u00a0\u00a0\u00a0\u00a0\u00a0\u00a0\u00a0\u00a0\u00a0\u00a0\u00a0\u00a0\u00a0\u00a0\u00a0\u00a0\u00a0\u00a0\u00a0\u00a0\u00a0\u00a0\u00a0\u00a0\u00a0\u00a0\u00a0\u00a0\u00a0\u00a0\u00a0\u00a0\u00a0\u00a0\u00a0\u00a0\u00a0\u00a0\u00a0\u00a0\u00a0\u00a0\u00a0\u00a0\u00a0\u00a0\u00a0\u00a0\u00a0\u00a0\u00a0\u00a0\u00a0\u00a0\u00a0\u00a0\u00a0\u00a0\u00a0\u00a0\u00a0\u00a0\u00a0\u00a0\u00a0\u00a0\u00a0\u00a0\u00a0\u00a0\u00a0\u00a0\u00a0\u00a0\u00a0\u00a0\u00a0\u00a0\u00a0\u00a0\u00a0\u00a0\u00a0\u00a0\u00a0 PROCESO CULMINADO [\/panel-header]\n[panel-content]\n<a href=\"http:\/\/espromedbio.gob.ve\/wp-content\/uploads\/2015\/09\/CA-ESPROMED-BIO-S-001-2015.pdf\" target=\"_blank\">[icon type=\"glyphicon glyphicon-floppy-save\" fontsize=\"16\"] CONTRATACI\u00d3N DEL SERVICIO DE VIGILANCIA PRIVADA PARA CUSTODIA DE LAS INSTALACIONES DE ESPROMED BIO, C.A., EN EL PERIODO COMPRENDIDO DEL 16\/04 AL 31\/12\/2015<\/a>\n<strong>Entrega de Pliego de Condiciones:<\/strong> Desde: 18-03-2015 \u00a0\u00a0\u00a0 Hasta: 31-03-2015\n[\/panel-content]\n[panel-footer]\n<strong>Acto p\u00fablico:<\/strong> 06-04-2015 Hora: 10:00 am\n<strong>Lugar:<\/strong> Ciudad Universitaria de la UCV, Edificio ESPROMED BIO, piso 1, diag. al Hospital Cl\u00ednico Universitario al lado del Instituto Nacional de Higiene, Caracas-Venezuela.\n[\/panel-footer]\n[\/panel]--><\/p>\n","protected":false},"excerpt":{"rendered":"<p>[panel style=\u00bbpanel-danger\u00bb class=\u00bbcontent-contrataciones\u00bb] [panel-header]CA-ESPROMED BIO-B-003-2017\u00a0 \u00a0 \u00a0 \u00a0 \u00a0 \u00a0 \u00a0 \u00a0 \u00a0 \u00a0 \u00a0 \u00a0 \u00a0 \u00a0 \u00a0 \u00a0 \u00a0 \u00a0 \u00a0 \u00a0 \u00a0 \u00a0 \u00a0 \u00a0 \u00a0 \u00a0 \u00a0 \u00a0 \u00a0 \u00a0 \u00a0 \u00a0 \u00a0 \u00a0 \u00a0 \u00a0 \u00a0 \u00a0 \u00a0 \u00a0 \u00a0 \u00a0 \u00a0 \u00a0PROCESO ABIERTO[\/panel-header] [panel-content] [icon type=\u00bbglyphicon glyphicon-floppy-save\u00bb fontsize=\u00bb16&#8243;]\u201cADQUISICI\u00d3N DE [&hellip;]<\/p>\n","protected":false},"author":1,"featured_media":0,"parent":0,"menu_order":0,"comment_status":"closed","ping_status":"closed","template":"","meta":[],"_links":{"self":[{"href":"https:\/\/www.espromedbio.gob.ve\/inicio\/wp-json\/wp\/v2\/pages\/1130"}],"collection":[{"href":"https:\/\/www.espromedbio.gob.ve\/inicio\/wp-json\/wp\/v2\/pages"}],"about":[{"href":"https:\/\/www.espromedbio.gob.ve\/inicio\/wp-json\/wp\/v2\/types\/page"}],"author":[{"embeddable":true,"href":"https:\/\/www.espromedbio.gob.ve\/inicio\/wp-json\/wp\/v2\/users\/1"}],"replies":[{"embeddable":true,"href":"https:\/\/www.espromedbio.gob.ve\/inicio\/wp-json\/wp\/v2\/comments?post=1130"}],"version-history":[{"count":46,"href":"https:\/\/www.espromedbio.gob.ve\/inicio\/wp-json\/wp\/v2\/pages\/1130\/revisions"}],"predecessor-version":[{"id":5844,"href":"https:\/\/www.espromedbio.gob.ve\/inicio\/wp-json\/wp\/v2\/pages\/1130\/revisions\/5844"}],"wp:attachment":[{"href":"https:\/\/www.espromedbio.gob.ve\/inicio\/wp-json\/wp\/v2\/media?parent=1130"}],"curies":[{"name":"wp","href":"https:\/\/api.w.org\/{rel}","templated":true}]}}