{"id":115,"date":"2015-08-06T12:08:59","date_gmt":"2015-08-06T16:38:59","guid":{"rendered":"http:\/\/espromedbio.gob.ve\/?page_id=115"},"modified":"2015-08-06T12:09:56","modified_gmt":"2015-08-06T16:39:56","slug":"nuestra-historia","status":"publish","type":"page","link":"https:\/\/www.espromedbio.gob.ve\/inicio\/nuestra-historia\/","title":{"rendered":"Nuestra Historia"},"content":{"rendered":"<div class=\"viewport\">\n<div class=\"overview\">\n<div class=\"textos\">\n<p>&nbsp;<\/p>\n<p align=\"justify\"><a href=\"http:\/\/espromedbio.gob.ve\/wp-content\/uploads\/2015\/08\/somos_espromed_historia.png\"><img loading=\"lazy\" class=\"alignleft  wp-image-116\" src=\"http:\/\/espromedbio.gob.ve\/wp-content\/uploads\/2015\/08\/somos_espromed_historia.png\" alt=\"somos_espromed_historia\" width=\"221\" height=\"287\" \/><\/a><strong>Historia de EspromedBio <\/strong><\/p>\n<p align=\"justify\">El Estado venezolano abord\u00f3 la construcci\u00f3n de una Planta de Producci\u00f3n de Vacunas siguiendo los criterios establecidos en la normativa internacional vigente en las materias relacionadas con la fabricaci\u00f3n de vacunas simples o combinadas, as\u00ed como tambi\u00e9n cualquier otro producto biol\u00f3gico t\u00e9cnicamente compatible, tomando en cuenta que en la misma se fabricar\u00edan de manera integral, Vacuna DPT mejorada, Vacuna Dupla para adultos y Toxoide Tet\u00e1nico.<\/p>\n<p align=\"justify\">Se incorporar\u00e1n ant\u00edgenos provenientes de alianzas con otras Instituciones y\/o laboratorios p\u00fablicos o privados, para la formulaci\u00f3n de Vacuna Pentavalente y cualquier otra vacuna combinada, que sea requerida en el pa\u00eds y que cumpla con las especificaciones t\u00e9cnicas. Igualmente se podr\u00e1 realizar el procesamiento final (Formulaci\u00f3n, envasado, inspecci\u00f3n y etiquetado) de otros productos biol\u00f3gicos: Vacunas Antirr\u00e1bicas, Sueros Antiof\u00eddicos, entre otros.<\/p>\n<p align=\"justify\">Para la construcci\u00f3n de esta planta fueron consideradas todas las variables relacionadas para garantizar su plena operatividad, incluyendo:<\/p>\n<ul>\n<ul>\n<li>Recurso Humano:<\/li>\n<\/ul>\n<\/ul>\n<p align=\"justify\">Se cuenta con un equipo multidisciplinario con s\u00f3lida formaci\u00f3n y perspectivas de crecimiento acorde a las necesidades.<\/p>\n<ul>\n<ul>\n<li>Infraestructura y servicios:<\/li>\n<\/ul>\n<\/ul>\n<p align=\"justify\">Conformada por todas las instalaciones requeridas para el manejo integral de la producci\u00f3n de manera aut\u00f3noma y con capacidad de adaptaci\u00f3n a requerimientos futuros.<\/p>\n<ul>\n<ul>\n<li>Equipamiento:<\/li>\n<\/ul>\n<\/ul>\n<p align=\"justify\">Minuciosa selecci\u00f3n que consolida una gama de equipos de la m\u00e1s alta tecnolog\u00eda, con amplia garant\u00eda de servicios, partes y vigencia de larga data.<\/p>\n<p align=\"justify\">Todos estos aspectos, han sido convalidados por asesor\u00edas Internacionales especializadas y los mismos, sumados al manejo de las tecnolog\u00edas y de los procesos de producci\u00f3n involucrados, tienen como objetivo primordial la consolidaci\u00f3n de <b>un importante aporte en el camino hacia la autonom\u00eda nacional en el abastecimiento y disponibilidad de vitales rubros para la salud<\/b>.<\/p>\n<p align=\"justify\">Finalmente, en el a\u00f1o 2014, en virtud de la necesidad de separar la producci\u00f3n de vacunas de la Autoridad Nacional Regulatoria, para evitar conflicto de intereses, se independiza esta competencia del Instituto Nacional de Higiene \u201cRafael Rangel\u201d y se crea por Decreto Presidencial N\u00b01038, Gaceta Oficial N\u00b0 40.432 de fecha 12 de Junio de 2014, la Empresa Socialista para la Producci\u00f3n de Medicamentos Biol\u00f3gicos, ESPROMED BIO, C.A.<\/p>\n<h3><strong>Objeto<\/strong><\/h3>\n<p align=\"justify\">Desarrollo, producci\u00f3n, comercializaci\u00f3n y distribuci\u00f3n de vacunas, y cualquier otro producto biol\u00f3gico a nivel nacional e internacional, garantizando en primer lugar la accesibilidad a toda la poblaci\u00f3n venezolana a dichos insumos. Asimismo, podr\u00e1 importar materias primas necesarias, productos intermedios, insumos, partes, piezas, equipos y materiales de envase y empaque para cumplir con el objeto se\u00f1alado anteriormente.<\/p>\n<p align=\"justify\">La empresa tambi\u00e9n podr\u00e1 producir otros insumos de acuerdo a las necesidades demostradas por el pa\u00eds, en caso de que las condiciones de producci\u00f3n, adaptabilidad y buenas pr\u00e1cticas de manufacturas lo permitan y en general realizar todas las actividades comerciales que establezcan sus estatutos.<\/p>\n<h3><strong>Rama o Sector:<\/strong><\/h3>\n<p align=\"justify\">Industria Biotecnol\u00f3gica Farmac\u00e9utica<\/p>\n<h3><strong>Instalaciones<\/strong><\/h3>\n<p align=\"justify\">Presenta un \u00e1rea de 12.620 m2 aproximadamente, distribuidos en 2 edificios principales y \u00e1reas de apoyo a la producci\u00f3n.<\/p>\n<h3><strong>Alianzas \/ Convenios:<\/strong><\/h3>\n<p align=\"justify\">La capacidad de producci\u00f3n de ant\u00edgenos es de 50.000.000 de dosis al a\u00f1o (Difteria, Pertussis y T\u00e9tano), por lo cual la l\u00ednea de llenado presenta una disponibilidad adicional de 70.000.000 unidades para realizar alianzas estrat\u00e9gicas de Formulado, llenado, inspecci\u00f3n, etiquetado y embalaje, de biol\u00f3gicos seg\u00fan las necesidades del SPNS.<\/p>\n<\/div>\n<\/div>\n<\/div>\n","protected":false},"excerpt":{"rendered":"<p>&nbsp; Historia de EspromedBio El Estado venezolano abord\u00f3 la construcci\u00f3n de una Planta de Producci\u00f3n de Vacunas siguiendo los criterios establecidos en la normativa internacional vigente en las materias relacionadas con la fabricaci\u00f3n de vacunas simples o combinadas, as\u00ed como tambi\u00e9n cualquier otro producto biol\u00f3gico t\u00e9cnicamente compatible, tomando en cuenta que en la misma se [&hellip;]<\/p>\n","protected":false},"author":1,"featured_media":0,"parent":0,"menu_order":0,"comment_status":"open","ping_status":"open","template":"","meta":[],"_links":{"self":[{"href":"https:\/\/www.espromedbio.gob.ve\/inicio\/wp-json\/wp\/v2\/pages\/115"}],"collection":[{"href":"https:\/\/www.espromedbio.gob.ve\/inicio\/wp-json\/wp\/v2\/pages"}],"about":[{"href":"https:\/\/www.espromedbio.gob.ve\/inicio\/wp-json\/wp\/v2\/types\/page"}],"author":[{"embeddable":true,"href":"https:\/\/www.espromedbio.gob.ve\/inicio\/wp-json\/wp\/v2\/users\/1"}],"replies":[{"embeddable":true,"href":"https:\/\/www.espromedbio.gob.ve\/inicio\/wp-json\/wp\/v2\/comments?post=115"}],"version-history":[{"count":2,"href":"https:\/\/www.espromedbio.gob.ve\/inicio\/wp-json\/wp\/v2\/pages\/115\/revisions"}],"predecessor-version":[{"id":118,"href":"https:\/\/www.espromedbio.gob.ve\/inicio\/wp-json\/wp\/v2\/pages\/115\/revisions\/118"}],"wp:attachment":[{"href":"https:\/\/www.espromedbio.gob.ve\/inicio\/wp-json\/wp\/v2\/media?parent=115"}],"curies":[{"name":"wp","href":"https:\/\/api.w.org\/{rel}","templated":true}]}}