{"id":119,"date":"2015-08-06T12:22:55","date_gmt":"2015-08-06T16:52:55","guid":{"rendered":"http:\/\/espromedbio.gob.ve\/?page_id=119"},"modified":"2019-04-10T10:47:11","modified_gmt":"2019-04-10T14:47:11","slug":"nuestra-planta","status":"publish","type":"page","link":"https:\/\/www.espromedbio.gob.ve\/inicio\/nuestra-planta\/","title":{"rendered":"Nuestra Planta"},"content":{"rendered":"<p align=\"justify\">Fue dise\u00f1ada y construida siguiendo las normas internacionales que rigen la producci\u00f3n de productos farmac\u00e9uticos biol\u00f3gicos en el \u00e1rea de la Salud, producci\u00f3n inicial de vacunas, formuladas a partir de la vacuna DPT (Difteria, Pertussis y T\u00e9tanos), ant\u00edgenos que constituyen la base universal de las vacunas polivalentes usadas en la actualidad a nivel mundial, lo que permitir\u00e1 la formulaci\u00f3n y llenado de cualquier otra vacuna (inactivada) o producto biol\u00f3gico compatible con la tecnolog\u00eda instalada.<\/p>\n<p align=\"justify\"><a href=\"http:\/\/espromedbio.gob.ve\/wp-content\/uploads\/2015\/08\/Nuestra-Planta-espromed-21.png\"><img loading=\"lazy\" class=\"alignleft size-full wp-image-124\" src=\"http:\/\/espromedbio.gob.ve\/wp-content\/uploads\/2015\/08\/Nuestra-Planta-espromed-21.png\" alt=\"Nuestra Planta espromed 21\" width=\"298\" height=\"362\" srcset=\"https:\/\/www.espromedbio.gob.ve\/wp-content\/uploads\/2015\/08\/Nuestra-Planta-espromed-21.png 298w, https:\/\/www.espromedbio.gob.ve\/wp-content\/uploads\/2015\/08\/Nuestra-Planta-espromed-21-247x300.png 247w\" sizes=\"(max-width: 298px) 100vw, 298px\" \/><\/a> <a href=\"http:\/\/espromedbio.gob.ve\/wp-content\/uploads\/2015\/08\/Nuestra-Planta-espromed-20.png\"><img loading=\"lazy\" class=\"alignleft size-full wp-image-125\" src=\"http:\/\/espromedbio.gob.ve\/wp-content\/uploads\/2015\/08\/Nuestra-Planta-espromed-20.png\" alt=\"Nuestra Planta espromed 20\" width=\"298\" height=\"362\" srcset=\"https:\/\/www.espromedbio.gob.ve\/wp-content\/uploads\/2015\/08\/Nuestra-Planta-espromed-20.png 298w, https:\/\/www.espromedbio.gob.ve\/wp-content\/uploads\/2015\/08\/Nuestra-Planta-espromed-20-247x300.png 247w\" sizes=\"(max-width: 298px) 100vw, 298px\" \/><\/a> <a href=\"http:\/\/espromedbio.gob.ve\/wp-content\/uploads\/2015\/08\/Nuestra-Planta-espromed-19.png\"><img loading=\"lazy\" class=\"alignleft size-full wp-image-126\" src=\"http:\/\/espromedbio.gob.ve\/wp-content\/uploads\/2015\/08\/Nuestra-Planta-espromed-19.png\" alt=\"Nuestra Planta espromed 19\" width=\"298\" height=\"362\" srcset=\"https:\/\/www.espromedbio.gob.ve\/wp-content\/uploads\/2015\/08\/Nuestra-Planta-espromed-19.png 298w, https:\/\/www.espromedbio.gob.ve\/wp-content\/uploads\/2015\/08\/Nuestra-Planta-espromed-19-247x300.png 247w\" sizes=\"(max-width: 298px) 100vw, 298px\" \/><\/a> <a href=\"http:\/\/espromedbio.gob.ve\/wp-content\/uploads\/2015\/08\/Nuestra-Planta-espromed-18.png\"><img loading=\"lazy\" class=\"alignleft size-full wp-image-127\" src=\"http:\/\/espromedbio.gob.ve\/wp-content\/uploads\/2015\/08\/Nuestra-Planta-espromed-18.png\" alt=\"Nuestra Planta espromed 18\" width=\"298\" height=\"362\" srcset=\"https:\/\/www.espromedbio.gob.ve\/wp-content\/uploads\/2015\/08\/Nuestra-Planta-espromed-18.png 298w, https:\/\/www.espromedbio.gob.ve\/wp-content\/uploads\/2015\/08\/Nuestra-Planta-espromed-18-247x300.png 247w\" sizes=\"(max-width: 298px) 100vw, 298px\" \/><\/a> <a href=\"http:\/\/espromedbio.gob.ve\/wp-content\/uploads\/2015\/08\/Nuestra-Planta-espromed-17.png\"><img loading=\"lazy\" class=\"alignleft size-full wp-image-128\" src=\"http:\/\/espromedbio.gob.ve\/wp-content\/uploads\/2015\/08\/Nuestra-Planta-espromed-17.png\" alt=\"Nuestra Planta espromed 17\" width=\"298\" height=\"362\" srcset=\"https:\/\/www.espromedbio.gob.ve\/wp-content\/uploads\/2015\/08\/Nuestra-Planta-espromed-17.png 298w, https:\/\/www.espromedbio.gob.ve\/wp-content\/uploads\/2015\/08\/Nuestra-Planta-espromed-17-247x300.png 247w\" sizes=\"(max-width: 298px) 100vw, 298px\" \/><\/a> <a href=\"http:\/\/espromedbio.gob.ve\/wp-content\/uploads\/2015\/08\/Nuestra-Planta-espromed-16.png\"><img loading=\"lazy\" class=\"alignleft size-full wp-image-129\" src=\"http:\/\/espromedbio.gob.ve\/wp-content\/uploads\/2015\/08\/Nuestra-Planta-espromed-16.png\" alt=\"Nuestra Planta espromed 16\" width=\"298\" height=\"362\" srcset=\"https:\/\/www.espromedbio.gob.ve\/wp-content\/uploads\/2015\/08\/Nuestra-Planta-espromed-16.png 298w, https:\/\/www.espromedbio.gob.ve\/wp-content\/uploads\/2015\/08\/Nuestra-Planta-espromed-16-247x300.png 247w\" sizes=\"(max-width: 298px) 100vw, 298px\" \/><\/a> <a href=\"http:\/\/espromedbio.gob.ve\/wp-content\/uploads\/2015\/08\/Nuestra-Planta-espromed-15.png\"><img loading=\"lazy\" class=\"alignleft size-full wp-image-130\" src=\"http:\/\/espromedbio.gob.ve\/wp-content\/uploads\/2015\/08\/Nuestra-Planta-espromed-15.png\" alt=\"Nuestra Planta espromed 15\" width=\"298\" height=\"362\" srcset=\"https:\/\/www.espromedbio.gob.ve\/wp-content\/uploads\/2015\/08\/Nuestra-Planta-espromed-15.png 298w, https:\/\/www.espromedbio.gob.ve\/wp-content\/uploads\/2015\/08\/Nuestra-Planta-espromed-15-247x300.png 247w\" sizes=\"(max-width: 298px) 100vw, 298px\" \/><\/a> <a href=\"http:\/\/espromedbio.gob.ve\/wp-content\/uploads\/2015\/08\/Nuestra-Planta-espromed-14.png\"><img loading=\"lazy\" class=\"alignleft size-full wp-image-131\" src=\"http:\/\/espromedbio.gob.ve\/wp-content\/uploads\/2015\/08\/Nuestra-Planta-espromed-14.png\" alt=\"Nuestra Planta espromed 14\" width=\"298\" height=\"362\" srcset=\"https:\/\/www.espromedbio.gob.ve\/wp-content\/uploads\/2015\/08\/Nuestra-Planta-espromed-14.png 298w, https:\/\/www.espromedbio.gob.ve\/wp-content\/uploads\/2015\/08\/Nuestra-Planta-espromed-14-247x300.png 247w\" sizes=\"(max-width: 298px) 100vw, 298px\" \/><\/a> <a href=\"http:\/\/espromedbio.gob.ve\/wp-content\/uploads\/2015\/08\/Nuestra-Planta-espromed-13.png\"><img loading=\"lazy\" class=\"alignleft size-full wp-image-132\" src=\"http:\/\/espromedbio.gob.ve\/wp-content\/uploads\/2015\/08\/Nuestra-Planta-espromed-13.png\" alt=\"Nuestra Planta espromed 13\" width=\"298\" height=\"362\" srcset=\"https:\/\/www.espromedbio.gob.ve\/wp-content\/uploads\/2015\/08\/Nuestra-Planta-espromed-13.png 298w, https:\/\/www.espromedbio.gob.ve\/wp-content\/uploads\/2015\/08\/Nuestra-Planta-espromed-13-247x300.png 247w\" sizes=\"(max-width: 298px) 100vw, 298px\" \/><\/a> <a href=\"http:\/\/espromedbio.gob.ve\/wp-content\/uploads\/2015\/08\/Nuestra-Planta-espromed-12.png\"><img loading=\"lazy\" class=\"alignleft size-full wp-image-133\" src=\"http:\/\/espromedbio.gob.ve\/wp-content\/uploads\/2015\/08\/Nuestra-Planta-espromed-12.png\" alt=\"Nuestra Planta espromed 12\" width=\"298\" height=\"362\" srcset=\"https:\/\/www.espromedbio.gob.ve\/wp-content\/uploads\/2015\/08\/Nuestra-Planta-espromed-12.png 298w, https:\/\/www.espromedbio.gob.ve\/wp-content\/uploads\/2015\/08\/Nuestra-Planta-espromed-12-247x300.png 247w\" sizes=\"(max-width: 298px) 100vw, 298px\" \/><\/a> <a href=\"http:\/\/espromedbio.gob.ve\/wp-content\/uploads\/2015\/08\/Nuestra-Planta-espromed-11.png\"><img loading=\"lazy\" class=\"alignleft size-full wp-image-134\" src=\"http:\/\/espromedbio.gob.ve\/wp-content\/uploads\/2015\/08\/Nuestra-Planta-espromed-11.png\" alt=\"Nuestra Planta espromed 11\" width=\"298\" height=\"362\" srcset=\"https:\/\/www.espromedbio.gob.ve\/wp-content\/uploads\/2015\/08\/Nuestra-Planta-espromed-11.png 298w, https:\/\/www.espromedbio.gob.ve\/wp-content\/uploads\/2015\/08\/Nuestra-Planta-espromed-11-247x300.png 247w\" sizes=\"(max-width: 298px) 100vw, 298px\" \/><\/a> <a href=\"http:\/\/espromedbio.gob.ve\/wp-content\/uploads\/2015\/08\/Nuestra-Planta-espromed-10.png\"><img loading=\"lazy\" class=\"alignleft size-full wp-image-135\" src=\"http:\/\/espromedbio.gob.ve\/wp-content\/uploads\/2015\/08\/Nuestra-Planta-espromed-10.png\" alt=\"Nuestra Planta espromed 10\" width=\"298\" height=\"362\" srcset=\"https:\/\/www.espromedbio.gob.ve\/wp-content\/uploads\/2015\/08\/Nuestra-Planta-espromed-10.png 298w, https:\/\/www.espromedbio.gob.ve\/wp-content\/uploads\/2015\/08\/Nuestra-Planta-espromed-10-247x300.png 247w\" sizes=\"(max-width: 298px) 100vw, 298px\" \/><\/a> <a href=\"http:\/\/espromedbio.gob.ve\/wp-content\/uploads\/2015\/08\/Nuestra-Planta-espromed-9.png\"><img loading=\"lazy\" class=\"alignleft size-full wp-image-136\" src=\"http:\/\/espromedbio.gob.ve\/wp-content\/uploads\/2015\/08\/Nuestra-Planta-espromed-9.png\" alt=\"Nuestra Planta espromed 9\" width=\"298\" height=\"362\" srcset=\"https:\/\/www.espromedbio.gob.ve\/wp-content\/uploads\/2015\/08\/Nuestra-Planta-espromed-9.png 298w, https:\/\/www.espromedbio.gob.ve\/wp-content\/uploads\/2015\/08\/Nuestra-Planta-espromed-9-247x300.png 247w\" sizes=\"(max-width: 298px) 100vw, 298px\" \/><\/a> <a href=\"http:\/\/espromedbio.gob.ve\/wp-content\/uploads\/2015\/08\/Nuestra-Planta-espromed-8.png\"><img loading=\"lazy\" class=\"alignleft size-full wp-image-137\" src=\"http:\/\/espromedbio.gob.ve\/wp-content\/uploads\/2015\/08\/Nuestra-Planta-espromed-8.png\" alt=\"Nuestra Planta espromed 8\" width=\"298\" height=\"362\" srcset=\"https:\/\/www.espromedbio.gob.ve\/wp-content\/uploads\/2015\/08\/Nuestra-Planta-espromed-8.png 298w, https:\/\/www.espromedbio.gob.ve\/wp-content\/uploads\/2015\/08\/Nuestra-Planta-espromed-8-247x300.png 247w\" sizes=\"(max-width: 298px) 100vw, 298px\" \/><\/a> <a href=\"http:\/\/espromedbio.gob.ve\/wp-content\/uploads\/2015\/08\/Nuestra-Planta-espromed-7.png\"><img loading=\"lazy\" class=\"alignleft size-full wp-image-138\" src=\"http:\/\/espromedbio.gob.ve\/wp-content\/uploads\/2015\/08\/Nuestra-Planta-espromed-7.png\" alt=\"Nuestra Planta espromed 7\" width=\"298\" height=\"362\" srcset=\"https:\/\/www.espromedbio.gob.ve\/wp-content\/uploads\/2015\/08\/Nuestra-Planta-espromed-7.png 298w, https:\/\/www.espromedbio.gob.ve\/wp-content\/uploads\/2015\/08\/Nuestra-Planta-espromed-7-247x300.png 247w\" sizes=\"(max-width: 298px) 100vw, 298px\" \/><\/a> <a href=\"http:\/\/espromedbio.gob.ve\/wp-content\/uploads\/2015\/08\/Nuestra-Planta-espromed-6.png\"><img loading=\"lazy\" class=\"alignleft size-full wp-image-139\" src=\"http:\/\/espromedbio.gob.ve\/wp-content\/uploads\/2015\/08\/Nuestra-Planta-espromed-6.png\" alt=\"Nuestra Planta espromed 6\" width=\"298\" height=\"362\" srcset=\"https:\/\/www.espromedbio.gob.ve\/wp-content\/uploads\/2015\/08\/Nuestra-Planta-espromed-6.png 298w, https:\/\/www.espromedbio.gob.ve\/wp-content\/uploads\/2015\/08\/Nuestra-Planta-espromed-6-247x300.png 247w\" sizes=\"(max-width: 298px) 100vw, 298px\" \/><\/a> <a href=\"http:\/\/espromedbio.gob.ve\/wp-content\/uploads\/2015\/08\/Nuestra-Planta-espromed-5.png\"><img loading=\"lazy\" class=\"alignleft size-full wp-image-140\" src=\"http:\/\/espromedbio.gob.ve\/wp-content\/uploads\/2015\/08\/Nuestra-Planta-espromed-5.png\" alt=\"Nuestra Planta espromed 5\" width=\"298\" height=\"362\" srcset=\"https:\/\/www.espromedbio.gob.ve\/wp-content\/uploads\/2015\/08\/Nuestra-Planta-espromed-5.png 298w, https:\/\/www.espromedbio.gob.ve\/wp-content\/uploads\/2015\/08\/Nuestra-Planta-espromed-5-247x300.png 247w\" sizes=\"(max-width: 298px) 100vw, 298px\" \/><\/a> <a href=\"http:\/\/espromedbio.gob.ve\/wp-content\/uploads\/2015\/08\/Nuestra-Planta-espromed-4.png\"><img loading=\"lazy\" class=\"alignleft size-full wp-image-141\" src=\"http:\/\/espromedbio.gob.ve\/wp-content\/uploads\/2015\/08\/Nuestra-Planta-espromed-4.png\" alt=\"Nuestra Planta espromed 4\" width=\"298\" height=\"362\" srcset=\"https:\/\/www.espromedbio.gob.ve\/wp-content\/uploads\/2015\/08\/Nuestra-Planta-espromed-4.png 298w, https:\/\/www.espromedbio.gob.ve\/wp-content\/uploads\/2015\/08\/Nuestra-Planta-espromed-4-247x300.png 247w\" sizes=\"(max-width: 298px) 100vw, 298px\" \/><\/a> <a href=\"http:\/\/espromedbio.gob.ve\/wp-content\/uploads\/2015\/08\/planta-espromed-3.png\"><img loading=\"lazy\" class=\"alignleft size-full wp-image-142\" src=\"http:\/\/espromedbio.gob.ve\/wp-content\/uploads\/2015\/08\/planta-espromed-3.png\" alt=\"planta espromed 3\" width=\"298\" height=\"362\" srcset=\"https:\/\/www.espromedbio.gob.ve\/wp-content\/uploads\/2015\/08\/planta-espromed-3.png 298w, https:\/\/www.espromedbio.gob.ve\/wp-content\/uploads\/2015\/08\/planta-espromed-3-247x300.png 247w\" sizes=\"(max-width: 298px) 100vw, 298px\" \/><\/a> <a href=\"http:\/\/espromedbio.gob.ve\/wp-content\/uploads\/2015\/08\/planta-espromed-2.png\"><img loading=\"lazy\" class=\"alignleft size-full wp-image-143\" src=\"http:\/\/espromedbio.gob.ve\/wp-content\/uploads\/2015\/08\/planta-espromed-2.png\" alt=\"planta espromed 2\" width=\"298\" height=\"362\" srcset=\"https:\/\/www.espromedbio.gob.ve\/wp-content\/uploads\/2015\/08\/planta-espromed-2.png 298w, https:\/\/www.espromedbio.gob.ve\/wp-content\/uploads\/2015\/08\/planta-espromed-2-247x300.png 247w\" sizes=\"(max-width: 298px) 100vw, 298px\" \/><\/a> <a href=\"http:\/\/espromedbio.gob.ve\/wp-content\/uploads\/2015\/08\/planta1.png\"><img loading=\"lazy\" class=\"alignleft size-full wp-image-144\" src=\"http:\/\/espromedbio.gob.ve\/wp-content\/uploads\/2015\/08\/planta1.png\" alt=\"planta1\" width=\"298\" height=\"362\" srcset=\"https:\/\/www.espromedbio.gob.ve\/wp-content\/uploads\/2015\/08\/planta1.png 298w, https:\/\/www.espromedbio.gob.ve\/wp-content\/uploads\/2015\/08\/planta1-247x300.png 247w\" sizes=\"(max-width: 298px) 100vw, 298px\" \/><\/a><\/p>\n","protected":false},"excerpt":{"rendered":"<p>Fue dise\u00f1ada y construida siguiendo las normas internacionales que rigen la producci\u00f3n de productos farmac\u00e9uticos biol\u00f3gicos en el \u00e1rea de la Salud, producci\u00f3n inicial de vacunas, formuladas a partir de la vacuna DPT (Difteria, Pertussis y T\u00e9tanos), ant\u00edgenos que constituyen la base universal de las vacunas polivalentes usadas en la actualidad a nivel mundial, lo [&hellip;]<\/p>\n","protected":false},"author":1,"featured_media":0,"parent":0,"menu_order":0,"comment_status":"open","ping_status":"open","template":"","meta":[],"_links":{"self":[{"href":"https:\/\/www.espromedbio.gob.ve\/inicio\/wp-json\/wp\/v2\/pages\/119"}],"collection":[{"href":"https:\/\/www.espromedbio.gob.ve\/inicio\/wp-json\/wp\/v2\/pages"}],"about":[{"href":"https:\/\/www.espromedbio.gob.ve\/inicio\/wp-json\/wp\/v2\/types\/page"}],"author":[{"embeddable":true,"href":"https:\/\/www.espromedbio.gob.ve\/inicio\/wp-json\/wp\/v2\/users\/1"}],"replies":[{"embeddable":true,"href":"https:\/\/www.espromedbio.gob.ve\/inicio\/wp-json\/wp\/v2\/comments?post=119"}],"version-history":[{"count":3,"href":"https:\/\/www.espromedbio.gob.ve\/inicio\/wp-json\/wp\/v2\/pages\/119\/revisions"}],"predecessor-version":[{"id":10530,"href":"https:\/\/www.espromedbio.gob.ve\/inicio\/wp-json\/wp\/v2\/pages\/119\/revisions\/10530"}],"wp:attachment":[{"href":"https:\/\/www.espromedbio.gob.ve\/inicio\/wp-json\/wp\/v2\/media?parent=119"}],"curies":[{"name":"wp","href":"https:\/\/api.w.org\/{rel}","templated":true}]}}