{"id":207,"date":"2015-08-10T13:55:49","date_gmt":"2015-08-10T18:25:49","guid":{"rendered":"http:\/\/espromedbio.gob.ve\/?page_id=207"},"modified":"2022-04-01T13:55:25","modified_gmt":"2022-04-01T17:55:25","slug":"farmacovigilancia","status":"publish","type":"page","link":"https:\/\/www.espromedbio.gob.ve\/inicio\/farmacovigilancia\/","title":{"rendered":"Farmacovigilancia"},"content":{"rendered":"\t\t<div data-elementor-type=\"wp-post\" data-elementor-id=\"207\" class=\"elementor elementor-207\" data-elementor-settings=\"[]\">\n\t\t\t\t\t\t<div class=\"elementor-inner\">\n\t\t\t\t\t\t\t<div class=\"elementor-section-wrap\">\n\t\t\t\t\t\t\t<section class=\"elementor-section elementor-top-section elementor-element elementor-element-3d2e98f elementor-section-boxed elementor-section-height-default elementor-section-height-default\" data-id=\"3d2e98f\" data-element_type=\"section\">\n\t\t\t\t\t\t<div class=\"elementor-container elementor-column-gap-default\">\n\t\t\t\t\t\t\t<div class=\"elementor-row\">\n\t\t\t\t\t<div class=\"elementor-column elementor-col-50 elementor-top-column elementor-element elementor-element-69bbc81\" data-id=\"69bbc81\" data-element_type=\"column\">\n\t\t\t<div class=\"elementor-column-wrap elementor-element-populated\">\n\t\t\t\t\t\t\t<div class=\"elementor-widget-wrap\">\n\t\t\t\t\t\t<div class=\"elementor-element elementor-element-5a744f96 elementor-widget elementor-widget-text-editor\" data-id=\"5a744f96\" data-element_type=\"widget\" data-widget_type=\"text-editor.default\">\n\t\t\t\t<div class=\"elementor-widget-container\">\n\t\t\t\t\t\t\t\t<div class=\"elementor-text-editor elementor-clearfix\">\n\t\t\t\t\t<p style=\"text-align: justify;\"><strong>\u00bfQu\u00e9 es la Farmacovigilancia?<\/strong><\/p><p style=\"text-align: justify;\">Los medicamentos, incluidos los productos biol\u00f3gicos como las vacunas, antes de su comercializaci\u00f3n, se utilizan en los ensayos cl\u00ednicos, en un n\u00famero muy reducido de pacientes, durante poco tiempo y de manera muy controlada. Sin embargo, una vez comercializados, se utilizan en un n\u00famero mucho mayor de pacientes, pudiendo incluir ancianos, ni\u00f1os, embarazadas y pacientes con otras enfermedades. En estas condiciones pueden aparecer nuevas reacciones adversas, a veces graves, que no se descubrieron en fases anteriores a la comercializaci\u00f3n por su baja frecuencia, por requerir un tiempo de exposici\u00f3n prolongado o porque estos grupos de pacientes fueron excluidos de los ensayos cl\u00ednicos.<\/p><p style=\"text-align: justify;\">La Farmacovigilancia es la actividad de salud p\u00fablica que tiene por objeto la identificaci\u00f3n, cuantificaci\u00f3n, evaluaci\u00f3n y prevenci\u00f3n de los riesgos derivados del uso de los medicamentos, con el fin de mantener favorable la relaci\u00f3n entre sus beneficios y sus riesgos, es una tarea compartida, por tanto, debe haber una colaboraci\u00f3n efectiva entre compa\u00f1\u00edas farmac\u00e9uticas, autoridades sanitarias, profesionales sanitarios y pacientes.<\/p>\t\t\t\t\t<\/div>\n\t\t\t\t\t\t<\/div>\n\t\t\t\t<\/div>\n\t\t\t\t\t\t<\/div>\n\t\t\t\t\t<\/div>\n\t\t<\/div>\n\t\t\t\t<div class=\"elementor-column elementor-col-50 elementor-top-column elementor-element elementor-element-e1e83cc\" data-id=\"e1e83cc\" data-element_type=\"column\" data-settings=\"{&quot;background_background&quot;:&quot;classic&quot;}\">\n\t\t\t<div class=\"elementor-column-wrap elementor-element-populated\">\n\t\t\t\t\t\t\t<div class=\"elementor-widget-wrap\">\n\t\t\t\t\t\t<section class=\"elementor-section elementor-inner-section elementor-element elementor-element-a5a2c90 elementor-section-boxed elementor-section-height-default elementor-section-height-default\" data-id=\"a5a2c90\" data-element_type=\"section\" data-settings=\"{&quot;background_background&quot;:&quot;classic&quot;}\">\n\t\t\t\t\t\t<div class=\"elementor-container elementor-column-gap-default\">\n\t\t\t\t\t\t\t<div class=\"elementor-row\">\n\t\t\t\t\t<div class=\"elementor-column elementor-col-100 elementor-inner-column elementor-element elementor-element-dc7c08d\" data-id=\"dc7c08d\" data-element_type=\"column\">\n\t\t\t<div class=\"elementor-column-wrap elementor-element-populated\">\n\t\t\t\t\t\t\t<div class=\"elementor-widget-wrap\">\n\t\t\t\t\t\t<div class=\"elementor-element elementor-element-920af07 eael-dual-header-content-align-center elementor-widget elementor-widget-eael-dual-color-header\" data-id=\"920af07\" data-element_type=\"widget\" data-widget_type=\"eael-dual-color-header.default\">\n\t\t\t\t<div class=\"elementor-widget-container\">\n\t\t\t\n\t\t        <div class=\"eael-dual-header\">\n\t\t\t\t<h2 class=\"title\"><span  class=\"lead solid-color\">Sistema<\/span> <span>Farmacovigilancia<\/span><\/h2>\n\t\t\t\t<span class=\"subtext\"><p>Ingrese a nuestro sistema en linea y reporte reacciones adversas detectadas en vacunas y otros medicamentos biol\u00f3gicos<\/p><\/span>\n\t\t\t\t\t<span class=\"eael-dch-svg-icon\"><i aria-hidden=\"true\" class=\"fas fa-snowflake\"><\/i><\/span>\t\t\t\t<\/div>\n\t\n\t\t\n\t\t\n\t\t\n\t\t\t\t<\/div>\n\t\t\t\t<\/div>\n\t\t\t\t<div class=\"elementor-element elementor-element-1d73631 elementor-button-info elementor-align-center elementor-widget elementor-widget-button\" data-id=\"1d73631\" data-element_type=\"widget\" data-widget_type=\"button.default\">\n\t\t\t\t<div class=\"elementor-widget-container\">\n\t\t\t\t\t<div class=\"elementor-button-wrapper\">\n\t\t\t<a href=\"https:\/\/espromedbio.gob.ve\/sfv\/seleccionar_biologico\" target=\"_blank\" class=\"elementor-button-link elementor-button elementor-size-md\" role=\"button\">\n\t\t\t\t\t\t<span class=\"elementor-button-content-wrapper\">\n\t\t\t\t\t\t<span class=\"elementor-button-icon elementor-align-icon-right\">\n\t\t\t\t\t\t\t\t\t<i class=\"fa fa-long-arrow-right\" aria-hidden=\"true\"><\/i>\n\t\t\t\t\t\t\t<\/span>\n\t\t\t\t\t\t<span class=\"elementor-button-text\">Ingresar a Famacovigilancia<\/span>\n\t\t<\/span>\n\t\t\t\t\t<\/a>\n\t\t<\/div>\n\t\t\t\t<\/div>\n\t\t\t\t<\/div>\n\t\t\t\t\t\t<\/div>\n\t\t\t\t\t<\/div>\n\t\t<\/div>\n\t\t\t\t\t\t\t\t<\/div>\n\t\t\t\t\t<\/div>\n\t\t<\/section>\n\t\t\t\t<div class=\"elementor-element elementor-element-8df0e32 elementor-button-info elementor-align-center elementor-widget elementor-widget-button\" data-id=\"8df0e32\" data-element_type=\"widget\" data-widget_type=\"button.default\">\n\t\t\t\t<div class=\"elementor-widget-container\">\n\t\t\t\t\t<div class=\"elementor-button-wrapper\">\n\t\t\t<a href=\"https:\/\/espromedbio.gob.ve\/sfv\/archivos\/formularioFarmacoVigilancia.pdf\" target=\"_blank\" class=\"elementor-button-link elementor-button elementor-size-md\" role=\"button\">\n\t\t\t\t\t\t<span class=\"elementor-button-content-wrapper\">\n\t\t\t\t\t\t<span class=\"elementor-button-icon elementor-align-icon-right\">\n\t\t\t\t\t\t\t\t\t<i class=\"fa fa-file-pdf-o\" aria-hidden=\"true\"><\/i>\n\t\t\t\t\t\t\t<\/span>\n\t\t\t\t\t\t<span class=\"elementor-button-text\">Descargar Planilla<\/span>\n\t\t<\/span>\n\t\t\t\t\t<\/a>\n\t\t<\/div>\n\t\t\t\t<\/div>\n\t\t\t\t<\/div>\n\t\t\t\t\t\t<\/div>\n\t\t\t\t\t<\/div>\n\t\t<\/div>\n\t\t\t\t\t\t\t\t<\/div>\n\t\t\t\t\t<\/div>\n\t\t<\/section>\n\t\t\t\t<section class=\"elementor-section elementor-top-section elementor-element elementor-element-2cb5fea elementor-section-boxed elementor-section-height-default elementor-section-height-default\" data-id=\"2cb5fea\" data-element_type=\"section\" data-settings=\"{&quot;background_background&quot;:&quot;classic&quot;}\">\n\t\t\t\t\t\t<div class=\"elementor-container elementor-column-gap-default\">\n\t\t\t\t\t\t\t<div class=\"elementor-row\">\n\t\t\t\t\t<div class=\"elementor-column elementor-col-100 elementor-top-column elementor-element elementor-element-6c297a9\" data-id=\"6c297a9\" data-element_type=\"column\">\n\t\t\t<div class=\"elementor-column-wrap elementor-element-populated\">\n\t\t\t\t\t\t\t<div class=\"elementor-widget-wrap\">\n\t\t\t\t\t\t<div class=\"elementor-element elementor-element-c0b95c1 elementor-widget elementor-widget-spacer\" data-id=\"c0b95c1\" data-element_type=\"widget\" data-widget_type=\"spacer.default\">\n\t\t\t\t<div class=\"elementor-widget-container\">\n\t\t\t\t\t<div class=\"elementor-spacer\">\n\t\t\t<div class=\"elementor-spacer-inner\"><\/div>\n\t\t<\/div>\n\t\t\t\t<\/div>\n\t\t\t\t<\/div>\n\t\t\t\t\t\t<\/div>\n\t\t\t\t\t<\/div>\n\t\t<\/div>\n\t\t\t\t\t\t\t\t<\/div>\n\t\t\t\t\t<\/div>\n\t\t<\/section>\n\t\t\t\t<section class=\"elementor-section elementor-top-section elementor-element elementor-element-964945a elementor-section-boxed elementor-section-height-default elementor-section-height-default\" data-id=\"964945a\" data-element_type=\"section\">\n\t\t\t\t\t\t<div class=\"elementor-container elementor-column-gap-default\">\n\t\t\t\t\t\t\t<div class=\"elementor-row\">\n\t\t\t\t\t<div class=\"elementor-column elementor-col-100 elementor-top-column elementor-element elementor-element-53ba89a4\" data-id=\"53ba89a4\" data-element_type=\"column\">\n\t\t\t<div class=\"elementor-column-wrap elementor-element-populated\">\n\t\t\t\t\t\t\t<div class=\"elementor-widget-wrap\">\n\t\t\t\t\t\t<div class=\"elementor-element elementor-element-ed4ad24 elementor-widget-divider--view-line elementor-widget elementor-widget-divider\" data-id=\"ed4ad24\" data-element_type=\"widget\" data-widget_type=\"divider.default\">\n\t\t\t\t<div class=\"elementor-widget-container\">\n\t\t\t\t\t<div class=\"elementor-divider\">\n\t\t\t<span class=\"elementor-divider-separator\">\n\t\t\t\t\t\t<\/span>\n\t\t<\/div>\n\t\t\t\t<\/div>\n\t\t\t\t<\/div>\n\t\t\t\t<section class=\"elementor-section elementor-inner-section elementor-element elementor-element-01afc04 elementor-section-boxed elementor-section-height-default elementor-section-height-default\" data-id=\"01afc04\" data-element_type=\"section\">\n\t\t\t\t\t\t<div class=\"elementor-container elementor-column-gap-default\">\n\t\t\t\t\t\t\t<div class=\"elementor-row\">\n\t\t\t\t\t<div class=\"elementor-column elementor-col-50 elementor-inner-column elementor-element elementor-element-ec54a4d\" data-id=\"ec54a4d\" data-element_type=\"column\">\n\t\t\t<div class=\"elementor-column-wrap elementor-element-populated\">\n\t\t\t\t\t\t\t<div class=\"elementor-widget-wrap\">\n\t\t\t\t\t\t<div class=\"elementor-element elementor-element-9bd3113 elementor-widget elementor-widget-text-editor\" data-id=\"9bd3113\" data-element_type=\"widget\" data-widget_type=\"text-editor.default\">\n\t\t\t\t<div class=\"elementor-widget-container\">\n\t\t\t\t\t\t\t\t<div class=\"elementor-text-editor elementor-clearfix\">\n\t\t\t\t\t<p><strong>Objetivos de la Farmacovigilancia<\/strong><\/p><ul><li>Identificar los efectos adversos no descritos o desconocidos de un medicamento determinado<\/li><li>Cuantificar el riesgo.<\/li><li>Proponer medidas de salud p\u00fablica para reducir su incidencia.<\/li><li>Informar a los m\u00e9dicos, otros profesionales de la salud, las autoridades sanitarias y al p\u00fablico en general sobre la seguridad de los medicamentos.<\/li><li>Garantiza el uso seguro y racional de los medicamentos<\/li><li>Promueve la evaluaci\u00f3n y comunicaci\u00f3n de los riesgos y beneficios de los medicamentos.<\/li><li>Provee a pacientes y profesionales de la Salud de informaci\u00f3n valiosa sobre medicamentos<\/li><\/ul>\t\t\t\t\t<\/div>\n\t\t\t\t\t\t<\/div>\n\t\t\t\t<\/div>\n\t\t\t\t\t\t<\/div>\n\t\t\t\t\t<\/div>\n\t\t<\/div>\n\t\t\t\t<div class=\"elementor-column elementor-col-50 elementor-inner-column elementor-element elementor-element-0f4dfe1\" data-id=\"0f4dfe1\" data-element_type=\"column\">\n\t\t\t<div class=\"elementor-column-wrap elementor-element-populated\">\n\t\t\t\t\t\t\t<div class=\"elementor-widget-wrap\">\n\t\t\t\t\t\t<div class=\"elementor-element elementor-element-070c8d9 elementor-widget elementor-widget-text-editor\" data-id=\"070c8d9\" data-element_type=\"widget\" data-widget_type=\"text-editor.default\">\n\t\t\t\t<div class=\"elementor-widget-container\">\n\t\t\t\t\t\t\t\t<div class=\"elementor-text-editor elementor-clearfix\">\n\t\t\t\t\t<blockquote><p>El objetivo \u00faltimo de la farmacovigilancia es que todo medicamento se use con la m\u00e1xima seguridad posible y ante una posible reacci\u00f3n adversa a un medicamento, se genere una se\u00f1al o alerta, que permita poner en marcha nuevos estudios para cuantificar el riesgo y establecer la relaci\u00f3n de causalidad y luego de evaluar toda la informaci\u00f3n disponible, tomar las medidas necesarias e informar del riesgo y de las medidas adoptadas a los profesionales sanitarios y a los pacientes con el fin de prevenirlo.<\/p><\/blockquote>\t\t\t\t\t<\/div>\n\t\t\t\t\t\t<\/div>\n\t\t\t\t<\/div>\n\t\t\t\t\t\t<\/div>\n\t\t\t\t\t<\/div>\n\t\t<\/div>\n\t\t\t\t\t\t\t\t<\/div>\n\t\t\t\t\t<\/div>\n\t\t<\/section>\n\t\t\t\t\t\t<\/div>\n\t\t\t\t\t<\/div>\n\t\t<\/div>\n\t\t\t\t\t\t\t\t<\/div>\n\t\t\t\t\t<\/div>\n\t\t<\/section>\n\t\t\t\t<section class=\"elementor-section elementor-top-section elementor-element elementor-element-4cc3f66 elementor-section-boxed elementor-section-height-default elementor-section-height-default\" data-id=\"4cc3f66\" data-element_type=\"section\">\n\t\t\t\t\t\t<div class=\"elementor-container elementor-column-gap-default\">\n\t\t\t\t\t\t\t<div class=\"elementor-row\">\n\t\t\t\t\t<div class=\"elementor-column elementor-col-50 elementor-top-column elementor-element elementor-element-031c509\" data-id=\"031c509\" data-element_type=\"column\">\n\t\t\t<div class=\"elementor-column-wrap\">\n\t\t\t\t\t\t\t<div class=\"elementor-widget-wrap\">\n\t\t\t\t\t\t\t\t<\/div>\n\t\t\t\t\t<\/div>\n\t\t<\/div>\n\t\t\t\t<div class=\"elementor-column elementor-col-50 elementor-top-column elementor-element elementor-element-c4ec9a4\" data-id=\"c4ec9a4\" data-element_type=\"column\">\n\t\t\t<div class=\"elementor-column-wrap\">\n\t\t\t\t\t\t\t<div class=\"elementor-widget-wrap\">\n\t\t\t\t\t\t\t\t<\/div>\n\t\t\t\t\t<\/div>\n\t\t<\/div>\n\t\t\t\t\t\t\t\t<\/div>\n\t\t\t\t\t<\/div>\n\t\t<\/section>\n\t\t\t\t\t\t<\/div>\n\t\t\t\t\t\t<\/div>\n\t\t\t\t\t<\/div>\n\t\t","protected":false},"excerpt":{"rendered":"<p>\u00bfQu\u00e9 es la Farmacovigilancia? Los medicamentos, incluidos los productos biol\u00f3gicos como las vacunas, antes de su comercializaci\u00f3n, se utilizan en los ensayos cl\u00ednicos, en un n\u00famero muy reducido de pacientes, durante poco tiempo y de manera muy controlada. Sin embargo, una vez comercializados, se utilizan en un n\u00famero mucho mayor de pacientes, pudiendo incluir ancianos, [&hellip;]<\/p>\n","protected":false},"author":1,"featured_media":0,"parent":0,"menu_order":0,"comment_status":"closed","ping_status":"closed","template":"elementor_header_footer","meta":[],"_links":{"self":[{"href":"https:\/\/www.espromedbio.gob.ve\/inicio\/wp-json\/wp\/v2\/pages\/207"}],"collection":[{"href":"https:\/\/www.espromedbio.gob.ve\/inicio\/wp-json\/wp\/v2\/pages"}],"about":[{"href":"https:\/\/www.espromedbio.gob.ve\/inicio\/wp-json\/wp\/v2\/types\/page"}],"author":[{"embeddable":true,"href":"https:\/\/www.espromedbio.gob.ve\/inicio\/wp-json\/wp\/v2\/users\/1"}],"replies":[{"embeddable":true,"href":"https:\/\/www.espromedbio.gob.ve\/inicio\/wp-json\/wp\/v2\/comments?post=207"}],"version-history":[{"count":40,"href":"https:\/\/www.espromedbio.gob.ve\/inicio\/wp-json\/wp\/v2\/pages\/207\/revisions"}],"predecessor-version":[{"id":11010,"href":"https:\/\/www.espromedbio.gob.ve\/inicio\/wp-json\/wp\/v2\/pages\/207\/revisions\/11010"}],"wp:attachment":[{"href":"https:\/\/www.espromedbio.gob.ve\/inicio\/wp-json\/wp\/v2\/media?parent=207"}],"curies":[{"name":"wp","href":"https:\/\/api.w.org\/{rel}","templated":true}]}}